{"id":534,"date":"2025-08-27T08:43:10","date_gmt":"2025-08-27T08:43:10","guid":{"rendered":"https:\/\/aquasangroup.com\/?page_id=534"},"modified":"2025-10-17T11:10:22","modified_gmt":"2025-10-17T11:10:22","slug":"grp-moduler-su-deposu","status":"publish","type":"page","link":"https:\/\/aquasangroup.com\/en\/grp-moduler-su-deposu\/","title":{"rendered":"GRP Modular Water Tank"},"content":{"rendered":"<style>.elementor-534 .elementor-element.elementor-element-106d0b3{--display:flex;--flex-direction:column;--container-widget-width:100%;--container-widget-height:initial;--container-widget-flex-grow:0;--container-widget-align-self:initial;--flex-wrap-mobile:wrap;--gap:0px 0px;--row-gap:0px;--column-gap:0px;--overflow:hidden;--overlay-opacity:0.9;--padding-top:0px;--padding-bottom:0px;--padding-left:0px;--padding-right:0px;}.elementor-534 .elementor-element.elementor-element-106d0b3:not(.elementor-motion-effects-element-type-background), .elementor-534 .elementor-element.elementor-element-106d0b3 > .elementor-motion-effects-container > .elementor-motion-effects-layer{background-image:url(\"https:\/\/aquasangroup.com\/wp-content\/uploads\/2025\/07\/aquasan-moduler-Duzenlendi.png\");background-position:620px 74px;background-repeat:no-repeat;background-size:contain;}.elementor-534 .elementor-element.elementor-element-106d0b3::before, .elementor-534 .elementor-element.elementor-element-106d0b3 > .elementor-background-video-container::before, .elementor-534 .elementor-element.elementor-element-106d0b3 > .e-con-inner > .elementor-background-video-container::before, .elementor-534 .elementor-element.elementor-element-106d0b3 > .elementor-background-slideshow::before, .elementor-534 .elementor-element.elementor-element-106d0b3 > .e-con-inner > .elementor-background-slideshow::before, .elementor-534 .elementor-element.elementor-element-106d0b3 > .elementor-motion-effects-container > .elementor-motion-effects-layer::before{background-color:transparent;--background-overlay:'';background-image:linear-gradient(180deg, var( --e-global-color-5db0fbf ) 0%, var( --e-global-color-f81e5eb ) 100%);}.elementor-534 .elementor-element.elementor-element-4c03837{--display:flex;--flex-direction:row;--container-widget-width:initial;--container-widget-height:100%;--container-widget-flex-grow:1;--container-widget-align-self:stretch;--flex-wrap-mobile:wrap;--gap:60px 60px;--row-gap:60px;--column-gap:60px;--overlay-opacity:0.04;--padding-top:250px;--padding-bottom:100px;--padding-left:15px;--padding-right:15px;}.elementor-534 .elementor-element.elementor-element-4c03837:not(.elementor-motion-effects-element-type-background), .elementor-534 .elementor-element.elementor-element-4c03837 > .elementor-motion-effects-container > .elementor-motion-effects-layer{background-color:var( --e-global-color-0962333 );}.elementor-534 .elementor-element.elementor-element-4c03837::before, .elementor-534 .elementor-element.elementor-element-4c03837 > .elementor-background-video-container::before, .elementor-534 .elementor-element.elementor-element-4c03837 > .e-con-inner > .elementor-background-video-container::before, .elementor-534 .elementor-element.elementor-element-4c03837 > .elementor-background-slideshow::before, .elementor-534 .elementor-element.elementor-element-4c03837 > .e-con-inner > .elementor-background-slideshow::before, .elementor-534 .elementor-element.elementor-element-4c03837 > .elementor-motion-effects-container > .elementor-motion-effects-layer::before{background-image:url(\"https:\/\/aquasangroup.com\/wp-content\/uploads\/2025\/05\/Line-Bg-Dark.png\");--background-overlay:'';background-position:center center;background-repeat:no-repeat;background-size:auto;}.elementor-534 .elementor-element.elementor-element-0a1d0aa{--display:flex;--justify-content:center;--gap:35px 35px;--row-gap:35px;--column-gap:35px;--padding-top:0px;--padding-bottom:0px;--padding-left:0px;--padding-right:0px;}.elementor-534 .elementor-element.elementor-element-3424b4e{--display:flex;--overflow:hidden;--padding-top:0px;--padding-bottom:0px;--padding-left:0px;--padding-right:0px;}.elementor-534 .elementor-element.elementor-element-8fa7936{width:auto;max-width:auto;}.elementor-534 .elementor-element.elementor-element-8fa7936 > .elementor-widget-container{padding:10px 15px 10px 15px;border-style:solid;border-width:1px 1px 1px 1px;border-color:var( --e-global-color-50b2a21 );border-radius:30px 30px 30px 30px;}.elementor-534 .elementor-element.elementor-element-8fa7936.elementor-element{--align-self:flex-start;}.elementor-534 .elementor-element.elementor-element-8fa7936 .elementor-heading-title{font-family:var( --e-global-typography-3958d75-font-family ), Sans-serif;font-size:var( --e-global-typography-3958d75-font-size );font-weight:var( --e-global-typography-3958d75-font-weight );text-transform:var( --e-global-typography-3958d75-text-transform );line-height:var( --e-global-typography-3958d75-line-height );letter-spacing:var( --e-global-typography-3958d75-letter-spacing );color:var( --e-global-color-fdf12ae );}.elementor-534 .elementor-element.elementor-element-1871bd4 .elementskit-section-title-wraper .elementskit-section-title.text_fill > span{background-color:transparent;background-image:linear-gradient(180deg, var( --e-global-color-9c082af ) 0%, var( --e-global-color-primary ) 80%);}.elementor-534 .elementor-element.elementor-element-1871bd4 .elementskit-section-title-wraper .elementskit-section-title{color:#FFFFFF;margin:0px 0px 0px 0px;font-family:var( --e-global-typography-db48b8b-font-family ), Sans-serif;font-size:var( --e-global-typography-db48b8b-font-size );font-weight:var( --e-global-typography-db48b8b-font-weight );text-transform:var( --e-global-typography-db48b8b-text-transform );line-height:var( --e-global-typography-db48b8b-line-height );}.elementor-534 .elementor-element.elementor-element-1871bd4 .elementskit-section-title-wraper .elementskit-section-title > span{color:var( --e-global-color-primary );}.elementor-534 .elementor-element.elementor-element-1871bd4 .elementskit-section-title-wraper .elementskit-section-title span:last-child, .elementor-534 .elementor-element.elementor-element-1871bd4 .elementskit-section-title-wraper .elementskit-section-title > span{font-family:var( --e-global-typography-db48b8b-font-family ), Sans-serif;font-size:var( --e-global-typography-db48b8b-font-size );font-weight:var( --e-global-typography-db48b8b-font-weight );text-transform:var( --e-global-typography-db48b8b-text-transform );line-height:var( --e-global-typography-db48b8b-line-height );}.elementor-534 .elementor-element.elementor-element-1f4b4ea{--display:flex;--flex-direction:column;--container-widget-width:100%;--container-widget-height:initial;--container-widget-flex-grow:0;--container-widget-align-self:initial;--flex-wrap-mobile:wrap;--margin-top:40px;--margin-bottom:0px;--margin-left:0px;--margin-right:0px;}.elementor-534 .elementor-element.elementor-element-8e834ae{--display:flex;--flex-direction:column;--container-widget-width:100%;--container-widget-height:initial;--container-widget-flex-grow:0;--container-widget-align-self:initial;--flex-wrap-mobile:wrap;}.elementor-534 .elementor-element.elementor-element-8eea202 img{width:100%;}@media(min-width:768px){.elementor-534 .elementor-element.elementor-element-4c03837{--content-width:1280px;}.elementor-534 .elementor-element.elementor-element-0a1d0aa{--width:85%;}}@media(max-width:1024px) and (min-width:768px){.elementor-534 .elementor-element.elementor-element-0a1d0aa{--width:100%;}}@media(min-width:1025px){.elementor-534 .elementor-element.elementor-element-4c03837::before, .elementor-534 .elementor-element.elementor-element-4c03837 > .elementor-background-video-container::before, .elementor-534 .elementor-element.elementor-element-4c03837 > .e-con-inner > .elementor-background-video-container::before, .elementor-534 .elementor-element.elementor-element-4c03837 > .elementor-background-slideshow::before, .elementor-534 .elementor-element.elementor-element-4c03837 > .e-con-inner > .elementor-background-slideshow::before, .elementor-534 .elementor-element.elementor-element-4c03837 > .elementor-motion-effects-container > .elementor-motion-effects-layer::before{background-attachment:fixed;}}@media(max-width:1024px){.elementor-534 .elementor-element.elementor-element-106d0b3:not(.elementor-motion-effects-element-type-background), .elementor-534 .elementor-element.elementor-element-106d0b3 > .elementor-motion-effects-container > .elementor-motion-effects-layer{background-position:0px 0px;}.elementor-534 .elementor-element.elementor-element-4c03837{--flex-direction:column;--container-widget-width:100%;--container-widget-height:initial;--container-widget-flex-grow:0;--container-widget-align-self:initial;--flex-wrap-mobile:wrap;--gap:30px 30px;--row-gap:30px;--column-gap:30px;--padding-top:250px;--padding-bottom:50px;--padding-left:15px;--padding-right:15px;}.elementor-534 .elementor-element.elementor-element-8fa7936 .elementor-heading-title{font-size:var( --e-global-typography-3958d75-font-size );line-height:var( --e-global-typography-3958d75-line-height );letter-spacing:var( --e-global-typography-3958d75-letter-spacing );}.elementor-534 .elementor-element.elementor-element-1871bd4 .elementskit-section-title-wraper .elementskit-section-title{font-size:var( --e-global-typography-db48b8b-font-size );line-height:var( --e-global-typography-db48b8b-line-height );}.elementor-534 .elementor-element.elementor-element-1871bd4 .elementskit-section-title-wraper .elementskit-section-title span:last-child, .elementor-534 .elementor-element.elementor-element-1871bd4 .elementskit-section-title-wraper .elementskit-section-title > span{font-size:var( --e-global-typography-db48b8b-font-size );line-height:var( --e-global-typography-db48b8b-line-height );}}@media(max-width:767px){.elementor-534 .elementor-element.elementor-element-106d0b3:not(.elementor-motion-effects-element-type-background), .elementor-534 .elementor-element.elementor-element-106d0b3 > .elementor-motion-effects-container > .elementor-motion-effects-layer{background-position:0px 0px;}.elementor-534 .elementor-element.elementor-element-8fa7936 .elementor-heading-title{font-size:var( --e-global-typography-3958d75-font-size );line-height:var( --e-global-typography-3958d75-line-height );letter-spacing:var( --e-global-typography-3958d75-letter-spacing );}.elementor-534 .elementor-element.elementor-element-1871bd4 .elementskit-section-title-wraper .elementskit-section-title{font-size:var( --e-global-typography-db48b8b-font-size );line-height:var( --e-global-typography-db48b8b-line-height );}.elementor-534 .elementor-element.elementor-element-1871bd4 .elementskit-section-title-wraper .elementskit-section-title span:last-child, .elementor-534 .elementor-element.elementor-element-1871bd4 .elementskit-section-title-wraper .elementskit-section-title > span{font-size:var( --e-global-typography-db48b8b-font-size );line-height:var( --e-global-typography-db48b8b-line-height );}}<\/style>\t\t<div data-elementor-type=\"wp-page\" data-elementor-id=\"534\" class=\"elementor elementor-534\">\n\t\t\t\t<div class=\"elementor-element elementor-element-106d0b3 e-con-full e-flex e-con e-parent\" data-id=\"106d0b3\" data-element_type=\"container\" data-settings=\"{&quot;background_background&quot;:&quot;classic&quot;}\">\n\t\t<div class=\"elementor-element elementor-element-4c03837 e-flex e-con-boxed e-con e-child\" data-id=\"4c03837\" data-element_type=\"container\" data-settings=\"{&quot;background_background&quot;:&quot;classic&quot;}\">\n\t\t\t\t\t<div class=\"e-con-inner\">\n\t\t<div class=\"elementor-element elementor-element-0a1d0aa e-con-full e-flex e-con e-child\" data-id=\"0a1d0aa\" data-element_type=\"container\">\n\t\t<div class=\"elementor-element elementor-element-3424b4e e-con-full e-flex e-con e-child\" data-id=\"3424b4e\" data-element_type=\"container\">\n\t\t\t\t<div class=\"elementor-element elementor-element-8fa7936 elementor-widget__width-auto elementor-invisible elementor-widget elementor-widget-heading\" data-id=\"8fa7936\" data-element_type=\"widget\" data-settings=\"{&quot;_animation&quot;:&quot;fadeInLeft&quot;}\" data-widget_type=\"heading.default\">\n\t\t\t\t<div class=\"elementor-widget-container\">\n\t\t\t\t\t<p class=\"elementor-heading-title elementor-size-default\">Aquasan group<\/p>\t\t\t\t<\/div>\n\t\t\t\t<\/div>\n\t\t\t\t<div class=\"elementor-element elementor-element-1871bd4 elementor-invisible elementor-widget elementor-widget-elementskit-heading\" data-id=\"1871bd4\" data-element_type=\"widget\" data-settings=\"{&quot;_animation&quot;:&quot;fadeInLeft&quot;,&quot;_animation_delay&quot;:200}\" data-widget_type=\"elementskit-heading.default\">\n\t\t\t\t<div class=\"elementor-widget-container\">\n\t\t\t\t\t<div class=\"ekit-wid-con\" ><div class=\"ekit-heading elementskit-section-title-wraper text_left   ekit_heading_tablet-   ekit_heading_mobile-\"><h1 class=\"ekit-heading--title elementskit-section-title text_fill\">GRP Modular Water Tank<\/h1><\/div><\/div>\t\t\t\t<\/div>\n\t\t\t\t<\/div>\n\t\t\t\t<\/div>\n\t\t\t\t<\/div>\n\t\t\t\t\t<\/div>\n\t\t\t\t<\/div>\n\t\t\t\t<\/div>\n\t\t<div class=\"elementor-element elementor-element-1f4b4ea e-flex e-con-boxed e-con e-parent\" data-id=\"1f4b4ea\" data-element_type=\"container\">\n\t\t\t\t\t<div class=\"e-con-inner\">\n\t\t\t\t<div class=\"elementor-element elementor-element-e137b43 elementor-widget elementor-widget-text-editor\" data-id=\"e137b43\" data-element_type=\"widget\" data-widget_type=\"text-editor.default\">\n\t\t\t\t<div class=\"elementor-widget-container\">\n\t\t\t\t\t\t\t\t\t<p><b>GRP Su Deposu<\/b>, k\u0131rp\u0131lm\u0131\u015f cam elyaf ile takviye edilmi\u015f doymam\u0131\u015f kompozitten olu\u015fan levhalar\u0131n s\u0131cak presleme y\u00f6ntemi ile y\u00fcksek bas\u0131n\u00e7 ve s\u0131cakl\u0131k alt\u0131nda k\u00fcrlenmesi y\u00f6ntemi ile \u00fcretilir. Paneller y\u00fcksek tonajl\u0131 preslerde 150\u00a0<sup>0<\/sup>C dereceye kadar \u0131s\u0131t\u0131lm\u0131\u015f kal\u0131plarda imal edilir. Kullan\u0131lan kal\u0131p ve imalat teknolojisi sayesinde, \u00fcretilen\u00a0<b>panellerin her iki y\u00fcz\u00fc de cam elyaf ile kaplanm\u0131\u015f p\u00fcr\u00fczs\u00fcz<\/b>, tamamen k\u00fcrlenmi\u015f ve dayan\u0131kl\u0131d\u0131r.<\/p><p>Aquasan GRP paneller UV \u0131\u015f\u0131nlar\u0131na kar\u015f\u0131 dayan\u0131kl\u0131d\u0131r ve \u0131\u015f\u0131k ge\u00e7irmedi\u011fi i\u00e7in tank i\u00e7inde\u00a0<b>yosun olu\u015fmas\u0131na m\u00fcsaade etmez.<\/b>\u00a0A\u015f\u0131r\u0131 s\u0131cak ve a\u015f\u0131r\u0131 so\u011fuk hava \u015fartlar\u0131na sahip alanlarda talep \u00fczerine GRP panellere extra termal izolasyon yap\u0131labilir. Panel y\u00fczeyi poli\u00fcretan k\u00f6p\u00fck kaplanarak termal izolasyonu sa\u011flan\u0131r. Kullan\u0131lan yal\u0131t\u0131m malzemesi CFC ve HCFC i\u00e7ermez. Do\u011faya zarar vermez.<br \/>GRP su deposu panellerimiz uluslararas\u0131\u00a0<b>WRAS ve CE<\/b>\u00a0kalite belgelerine sahiptir.<\/p><div class=\"section-title1 two\"><h2>Neden GRP Su Deposu?<\/h2><\/div><ul><li>GRP depolar\u0131n ham maddesi k\u0131rp\u0131lm\u0131\u015f cam elyaf ve doymam\u0131\u015f polyester re\u00e7inedir. GRP Paneller s\u0131cak presleme ile \u00fcretildi\u011finden \u00e7ok mukavemetlidir. Uzun \u00f6m\u00fcrl\u00fc olup minimum \u00f6mr\u00fc 50 y\u0131ld\u0131r.<\/li><li>GRP panellerin \u0131s\u0131 iletimi d\u00fc\u015f\u00fck ve UV \u0131\u015f\u0131nlar\u0131 ge\u00e7irmezli\u011fi oldu\u011fu i\u00e7in a\u00e7\u0131k alanlara rahatl\u0131kla kurulabilir. \u00c7ok so\u011fuk ve \u00c7ok s\u0131cak ortamlara kurulabilir. Yal\u0131t\u0131m katsay\u0131s\u0131 \u00e7ok y\u00fcksektir.<\/li><li>G\u0131da t\u00fcz\u00fc\u011f\u00fcne uygunlu\u011fu laboratuvar raporlar\u0131 ile kan\u0131tlanm\u0131\u015ft\u0131r. UV \u0131\u015f\u0131nlar\u0131 yal\u0131t\u0131m\u0131 max. oldu\u011fundan yosun ve bakteri olu\u015fturmaz. Di\u011fer t\u00fcm depolara g\u00f6re daha hijyeniktir.<\/li><\/ul>\t\t\t\t\t\t\t\t<\/div>\n\t\t\t\t<\/div>\n\t\t\t\t\t<\/div>\n\t\t\t\t<\/div>\n\t\t<div class=\"elementor-element elementor-element-8e834ae e-flex e-con-boxed e-con e-parent\" data-id=\"8e834ae\" data-element_type=\"container\">\n\t\t\t\t\t<div class=\"e-con-inner\">\n\t\t\t\t<div class=\"elementor-element elementor-element-1682d2b elementor-widget elementor-widget-image\" data-id=\"1682d2b\" data-element_type=\"widget\" data-widget_type=\"image.default\">\n\t\t\t\t<div class=\"elementor-widget-container\">\n\t\t\t\t\t\t\t\t\t\t\t\t\t\t\t<img fetchpriority=\"high\" decoding=\"async\" width=\"800\" height=\"364\" src=\"https:\/\/aquasangroup.com\/wp-content\/uploads\/2025\/08\/Ekran-Resmi-2025-08-27-11.45.51-1024x466.png\" class=\"attachment-large size-large wp-image-537\" alt=\"\" srcset=\"https:\/\/aquasangroup.com\/wp-content\/uploads\/2025\/08\/Ekran-Resmi-2025-08-27-11.45.51-1024x466.png 1024w, https:\/\/aquasangroup.com\/wp-content\/uploads\/2025\/08\/Ekran-Resmi-2025-08-27-11.45.51-300x137.png 300w, https:\/\/aquasangroup.com\/wp-content\/uploads\/2025\/08\/Ekran-Resmi-2025-08-27-11.45.51-768x350.png 768w, https:\/\/aquasangroup.com\/wp-content\/uploads\/2025\/08\/Ekran-Resmi-2025-08-27-11.45.51-1536x700.png 1536w, https:\/\/aquasangroup.com\/wp-content\/uploads\/2025\/08\/Ekran-Resmi-2025-08-27-11.45.51-18x8.png 18w, https:\/\/aquasangroup.com\/wp-content\/uploads\/2025\/08\/Ekran-Resmi-2025-08-27-11.45.51.png 1664w\" sizes=\"(max-width: 800px) 100vw, 800px\" \/>\t\t\t\t\t\t\t\t\t\t\t\t\t\t\t<\/div>\n\t\t\t\t<\/div>\n\t\t\t\t<div class=\"elementor-element elementor-element-8eea202 elementor-widget elementor-widget-image\" data-id=\"8eea202\" data-element_type=\"widget\" data-widget_type=\"image.default\">\n\t\t\t\t<div class=\"elementor-widget-container\">\n\t\t\t\t\t\t\t\t\t\t\t\t\t\t\t<img decoding=\"async\" width=\"800\" height=\"209\" src=\"https:\/\/aquasangroup.com\/wp-content\/uploads\/2025\/08\/Ekran-Resmi-2025-08-27-11.46.02-1024x268.png\" class=\"attachment-large size-large wp-image-538\" alt=\"\" srcset=\"https:\/\/aquasangroup.com\/wp-content\/uploads\/2025\/08\/Ekran-Resmi-2025-08-27-11.46.02-1024x268.png 1024w, https:\/\/aquasangroup.com\/wp-content\/uploads\/2025\/08\/Ekran-Resmi-2025-08-27-11.46.02-300x79.png 300w, https:\/\/aquasangroup.com\/wp-content\/uploads\/2025\/08\/Ekran-Resmi-2025-08-27-11.46.02-768x201.png 768w, https:\/\/aquasangroup.com\/wp-content\/uploads\/2025\/08\/Ekran-Resmi-2025-08-27-11.46.02-1536x402.png 1536w, https:\/\/aquasangroup.com\/wp-content\/uploads\/2025\/08\/Ekran-Resmi-2025-08-27-11.46.02-2048x536.png 2048w, https:\/\/aquasangroup.com\/wp-content\/uploads\/2025\/08\/Ekran-Resmi-2025-08-27-11.46.02-18x5.png 18w\" sizes=\"(max-width: 800px) 100vw, 800px\" \/>\t\t\t\t\t\t\t\t\t\t\t\t\t\t\t<\/div>\n\t\t\t\t<\/div>\n\t\t\t\t\t<\/div>\n\t\t\t\t<\/div>\n\t\t\t\t<\/div>","protected":false},"excerpt":{"rendered":"<p>Aquasan group GRP Mod\u00fcler Su Deposu GRP Su Deposu, k\u0131rp\u0131lm\u0131\u015f cam elyaf ile takviye edilmi\u015f doymam\u0131\u015f kompozitten olu\u015fan levhalar\u0131n s\u0131cak presleme y\u00f6ntemi ile y\u00fcksek bas\u0131n\u00e7 ve s\u0131cakl\u0131k alt\u0131nda k\u00fcrlenmesi y\u00f6ntemi ile \u00fcretilir. Paneller y\u00fcksek tonajl\u0131 preslerde 150\u00a00C dereceye kadar \u0131s\u0131t\u0131lm\u0131\u015f kal\u0131plarda imal edilir. Kullan\u0131lan kal\u0131p ve imalat teknolojisi sayesinde, \u00fcretilen\u00a0panellerin her iki y\u00fcz\u00fc de cam [&hellip;]<\/p>","protected":false},"author":1,"featured_media":0,"parent":0,"menu_order":0,"comment_status":"closed","ping_status":"closed","template":"","meta":{"footnotes":""},"class_list":["post-534","page","type-page","status-publish","hentry"],"_links":{"self":[{"href":"https:\/\/aquasangroup.com\/en\/wp-json\/wp\/v2\/pages\/534","targetHints":{"allow":["GET"]}}],"collection":[{"href":"https:\/\/aquasangroup.com\/en\/wp-json\/wp\/v2\/pages"}],"about":[{"href":"https:\/\/aquasangroup.com\/en\/wp-json\/wp\/v2\/types\/page"}],"author":[{"embeddable":true,"href":"https:\/\/aquasangroup.com\/en\/wp-json\/wp\/v2\/users\/1"}],"replies":[{"embeddable":true,"href":"https:\/\/aquasangroup.com\/en\/wp-json\/wp\/v2\/comments?post=534"}],"version-history":[{"count":4,"href":"https:\/\/aquasangroup.com\/en\/wp-json\/wp\/v2\/pages\/534\/revisions"}],"predecessor-version":[{"id":541,"href":"https:\/\/aquasangroup.com\/en\/wp-json\/wp\/v2\/pages\/534\/revisions\/541"}],"wp:attachment":[{"href":"https:\/\/aquasangroup.com\/en\/wp-json\/wp\/v2\/media?parent=534"}],"curies":[{"name":"wp","href":"https:\/\/api.w.org\/{rel}","templated":true}]}}