{"id":552,"date":"2025-08-27T08:51:04","date_gmt":"2025-08-27T08:51:04","guid":{"rendered":"https:\/\/aquasangroup.com\/?page_id=552"},"modified":"2025-10-17T11:11:06","modified_gmt":"2025-10-17T11:11:06","slug":"paslanmaz-moduler-su-deposu","status":"publish","type":"page","link":"https:\/\/aquasangroup.com\/en\/paslanmaz-moduler-su-deposu\/","title":{"rendered":"Stainless Modular Water Tank"},"content":{"rendered":"<style>.elementor-552 .elementor-element.elementor-element-2dd49f87{--display:flex;--flex-direction:column;--container-widget-width:100%;--container-widget-height:initial;--container-widget-flex-grow:0;--container-widget-align-self:initial;--flex-wrap-mobile:wrap;--gap:0px 0px;--row-gap:0px;--column-gap:0px;--overflow:hidden;--overlay-opacity:0.9;--padding-top:0px;--padding-bottom:0px;--padding-left:0px;--padding-right:0px;}.elementor-552 .elementor-element.elementor-element-2dd49f87:not(.elementor-motion-effects-element-type-background), .elementor-552 .elementor-element.elementor-element-2dd49f87 > .elementor-motion-effects-container > .elementor-motion-effects-layer{background-image:url(\"https:\/\/aquasangroup.com\/wp-content\/uploads\/2025\/09\/urun1.png\");background-position:620px 74px;background-repeat:no-repeat;background-size:contain;}.elementor-552 .elementor-element.elementor-element-2dd49f87::before, .elementor-552 .elementor-element.elementor-element-2dd49f87 > .elementor-background-video-container::before, .elementor-552 .elementor-element.elementor-element-2dd49f87 > .e-con-inner > .elementor-background-video-container::before, .elementor-552 .elementor-element.elementor-element-2dd49f87 > .elementor-background-slideshow::before, .elementor-552 .elementor-element.elementor-element-2dd49f87 > .e-con-inner > .elementor-background-slideshow::before, .elementor-552 .elementor-element.elementor-element-2dd49f87 > .elementor-motion-effects-container > .elementor-motion-effects-layer::before{background-color:transparent;--background-overlay:'';background-image:linear-gradient(180deg, var( --e-global-color-5db0fbf ) 0%, var( --e-global-color-f81e5eb ) 100%);}.elementor-552 .elementor-element.elementor-element-1a01971a{--display:flex;--flex-direction:row;--container-widget-width:initial;--container-widget-height:100%;--container-widget-flex-grow:1;--container-widget-align-self:stretch;--flex-wrap-mobile:wrap;--gap:60px 60px;--row-gap:60px;--column-gap:60px;--overlay-opacity:0.04;--padding-top:250px;--padding-bottom:100px;--padding-left:15px;--padding-right:15px;}.elementor-552 .elementor-element.elementor-element-1a01971a:not(.elementor-motion-effects-element-type-background), .elementor-552 .elementor-element.elementor-element-1a01971a > .elementor-motion-effects-container > .elementor-motion-effects-layer{background-color:var( --e-global-color-0962333 );}.elementor-552 .elementor-element.elementor-element-1a01971a::before, .elementor-552 .elementor-element.elementor-element-1a01971a > .elementor-background-video-container::before, .elementor-552 .elementor-element.elementor-element-1a01971a > .e-con-inner > .elementor-background-video-container::before, .elementor-552 .elementor-element.elementor-element-1a01971a > .elementor-background-slideshow::before, .elementor-552 .elementor-element.elementor-element-1a01971a > .e-con-inner > .elementor-background-slideshow::before, .elementor-552 .elementor-element.elementor-element-1a01971a > .elementor-motion-effects-container > .elementor-motion-effects-layer::before{background-image:url(\"https:\/\/aquasangroup.com\/wp-content\/uploads\/2025\/05\/Line-Bg-Dark.png\");--background-overlay:'';background-position:center center;background-repeat:no-repeat;background-size:auto;}.elementor-552 .elementor-element.elementor-element-fb5d81d{--display:flex;--justify-content:center;--gap:35px 35px;--row-gap:35px;--column-gap:35px;--padding-top:0px;--padding-bottom:0px;--padding-left:0px;--padding-right:0px;}.elementor-552 .elementor-element.elementor-element-d210358{--display:flex;--overflow:hidden;--padding-top:0px;--padding-bottom:0px;--padding-left:0px;--padding-right:0px;}.elementor-552 .elementor-element.elementor-element-24c80cb1{width:auto;max-width:auto;}.elementor-552 .elementor-element.elementor-element-24c80cb1 > .elementor-widget-container{padding:10px 15px 10px 15px;border-style:solid;border-width:1px 1px 1px 1px;border-color:var( --e-global-color-50b2a21 );border-radius:30px 30px 30px 30px;}.elementor-552 .elementor-element.elementor-element-24c80cb1.elementor-element{--align-self:flex-start;}.elementor-552 .elementor-element.elementor-element-24c80cb1 .elementor-heading-title{font-family:var( --e-global-typography-3958d75-font-family ), Sans-serif;font-size:var( --e-global-typography-3958d75-font-size );font-weight:var( --e-global-typography-3958d75-font-weight );text-transform:var( --e-global-typography-3958d75-text-transform );line-height:var( --e-global-typography-3958d75-line-height );letter-spacing:var( --e-global-typography-3958d75-letter-spacing );color:var( --e-global-color-fdf12ae );}.elementor-552 .elementor-element.elementor-element-3459a2eb .elementskit-section-title-wraper .elementskit-section-title.text_fill > span{background-color:transparent;background-image:linear-gradient(180deg, var( --e-global-color-9c082af ) 0%, var( --e-global-color-primary ) 80%);}.elementor-552 .elementor-element.elementor-element-3459a2eb .elementskit-section-title-wraper .elementskit-section-title{color:#FFFFFF;margin:0px 0px 0px 0px;font-family:var( --e-global-typography-db48b8b-font-family ), Sans-serif;font-size:var( --e-global-typography-db48b8b-font-size );font-weight:var( --e-global-typography-db48b8b-font-weight );text-transform:var( --e-global-typography-db48b8b-text-transform );line-height:var( --e-global-typography-db48b8b-line-height );}.elementor-552 .elementor-element.elementor-element-3459a2eb .elementskit-section-title-wraper .elementskit-section-title > span{color:var( --e-global-color-primary );}.elementor-552 .elementor-element.elementor-element-3459a2eb .elementskit-section-title-wraper .elementskit-section-title span:last-child, .elementor-552 .elementor-element.elementor-element-3459a2eb .elementskit-section-title-wraper .elementskit-section-title > span{font-family:var( --e-global-typography-db48b8b-font-family ), Sans-serif;font-size:var( --e-global-typography-db48b8b-font-size );font-weight:var( --e-global-typography-db48b8b-font-weight );text-transform:var( --e-global-typography-db48b8b-text-transform );line-height:var( --e-global-typography-db48b8b-line-height );}.elementor-552 .elementor-element.elementor-element-63042af7{--display:flex;--flex-direction:column;--container-widget-width:100%;--container-widget-height:initial;--container-widget-flex-grow:0;--container-widget-align-self:initial;--flex-wrap-mobile:wrap;--margin-top:40px;--margin-bottom:0px;--margin-left:0px;--margin-right:0px;}.elementor-552 .elementor-element.elementor-element-4e2b8c54{--display:flex;--flex-direction:column;--container-widget-width:100%;--container-widget-height:initial;--container-widget-flex-grow:0;--container-widget-align-self:initial;--flex-wrap-mobile:wrap;}.elementor-552 .elementor-element.elementor-element-597529f9 img{width:96%;}@media(min-width:768px){.elementor-552 .elementor-element.elementor-element-1a01971a{--content-width:1280px;}.elementor-552 .elementor-element.elementor-element-fb5d81d{--width:85%;}.elementor-552 .elementor-element.elementor-element-4e2b8c54{--content-width:1416px;}}@media(max-width:1024px) and (min-width:768px){.elementor-552 .elementor-element.elementor-element-fb5d81d{--width:100%;}}@media(min-width:1025px){.elementor-552 .elementor-element.elementor-element-1a01971a::before, .elementor-552 .elementor-element.elementor-element-1a01971a > .elementor-background-video-container::before, .elementor-552 .elementor-element.elementor-element-1a01971a > .e-con-inner > .elementor-background-video-container::before, .elementor-552 .elementor-element.elementor-element-1a01971a > .elementor-background-slideshow::before, .elementor-552 .elementor-element.elementor-element-1a01971a > .e-con-inner > .elementor-background-slideshow::before, .elementor-552 .elementor-element.elementor-element-1a01971a > .elementor-motion-effects-container > .elementor-motion-effects-layer::before{background-attachment:fixed;}}@media(max-width:1024px){.elementor-552 .elementor-element.elementor-element-2dd49f87:not(.elementor-motion-effects-element-type-background), .elementor-552 .elementor-element.elementor-element-2dd49f87 > .elementor-motion-effects-container > .elementor-motion-effects-layer{background-position:0px 0px;}.elementor-552 .elementor-element.elementor-element-1a01971a{--flex-direction:column;--container-widget-width:100%;--container-widget-height:initial;--container-widget-flex-grow:0;--container-widget-align-self:initial;--flex-wrap-mobile:wrap;--gap:30px 30px;--row-gap:30px;--column-gap:30px;--padding-top:250px;--padding-bottom:50px;--padding-left:15px;--padding-right:15px;}.elementor-552 .elementor-element.elementor-element-24c80cb1 .elementor-heading-title{font-size:var( --e-global-typography-3958d75-font-size );line-height:var( --e-global-typography-3958d75-line-height );letter-spacing:var( --e-global-typography-3958d75-letter-spacing );}.elementor-552 .elementor-element.elementor-element-3459a2eb .elementskit-section-title-wraper .elementskit-section-title{font-size:var( --e-global-typography-db48b8b-font-size );line-height:var( --e-global-typography-db48b8b-line-height );}.elementor-552 .elementor-element.elementor-element-3459a2eb .elementskit-section-title-wraper .elementskit-section-title span:last-child, .elementor-552 .elementor-element.elementor-element-3459a2eb .elementskit-section-title-wraper .elementskit-section-title > span{font-size:var( --e-global-typography-db48b8b-font-size );line-height:var( --e-global-typography-db48b8b-line-height );}}@media(max-width:767px){.elementor-552 .elementor-element.elementor-element-2dd49f87:not(.elementor-motion-effects-element-type-background), .elementor-552 .elementor-element.elementor-element-2dd49f87 > .elementor-motion-effects-container > .elementor-motion-effects-layer{background-position:0px 0px;}.elementor-552 .elementor-element.elementor-element-24c80cb1 .elementor-heading-title{font-size:var( --e-global-typography-3958d75-font-size );line-height:var( --e-global-typography-3958d75-line-height );letter-spacing:var( --e-global-typography-3958d75-letter-spacing );}.elementor-552 .elementor-element.elementor-element-3459a2eb .elementskit-section-title-wraper .elementskit-section-title{font-size:var( --e-global-typography-db48b8b-font-size );line-height:var( --e-global-typography-db48b8b-line-height );}.elementor-552 .elementor-element.elementor-element-3459a2eb .elementskit-section-title-wraper .elementskit-section-title span:last-child, .elementor-552 .elementor-element.elementor-element-3459a2eb .elementskit-section-title-wraper .elementskit-section-title > span{font-size:var( --e-global-typography-db48b8b-font-size );line-height:var( --e-global-typography-db48b8b-line-height );}}<\/style>\t\t<div data-elementor-type=\"wp-page\" data-elementor-id=\"552\" class=\"elementor elementor-552\">\n\t\t\t\t<div class=\"elementor-element elementor-element-2dd49f87 e-con-full e-flex e-con e-parent\" data-id=\"2dd49f87\" data-element_type=\"container\" data-settings=\"{&quot;background_background&quot;:&quot;classic&quot;}\">\n\t\t<div class=\"elementor-element elementor-element-1a01971a e-flex e-con-boxed e-con e-child\" data-id=\"1a01971a\" data-element_type=\"container\" data-settings=\"{&quot;background_background&quot;:&quot;classic&quot;}\">\n\t\t\t\t\t<div class=\"e-con-inner\">\n\t\t<div class=\"elementor-element elementor-element-fb5d81d e-con-full e-flex e-con e-child\" data-id=\"fb5d81d\" data-element_type=\"container\">\n\t\t<div class=\"elementor-element elementor-element-d210358 e-con-full e-flex e-con e-child\" data-id=\"d210358\" data-element_type=\"container\">\n\t\t\t\t<div class=\"elementor-element elementor-element-24c80cb1 elementor-widget__width-auto elementor-invisible elementor-widget elementor-widget-heading\" data-id=\"24c80cb1\" data-element_type=\"widget\" data-settings=\"{&quot;_animation&quot;:&quot;fadeInLeft&quot;}\" data-widget_type=\"heading.default\">\n\t\t\t\t<div class=\"elementor-widget-container\">\n\t\t\t\t\t<p class=\"elementor-heading-title elementor-size-default\">Aquasan group<\/p>\t\t\t\t<\/div>\n\t\t\t\t<\/div>\n\t\t\t\t<div class=\"elementor-element elementor-element-3459a2eb elementor-invisible elementor-widget elementor-widget-elementskit-heading\" data-id=\"3459a2eb\" data-element_type=\"widget\" data-settings=\"{&quot;_animation&quot;:&quot;fadeInLeft&quot;,&quot;_animation_delay&quot;:200}\" data-widget_type=\"elementskit-heading.default\">\n\t\t\t\t<div class=\"elementor-widget-container\">\n\t\t\t\t\t<div class=\"ekit-wid-con\" ><div class=\"ekit-heading elementskit-section-title-wraper text_left   ekit_heading_tablet-   ekit_heading_mobile-\"><h1 class=\"ekit-heading--title elementskit-section-title text_fill\">Stainless Modular Water Tank<\/h1><\/div><\/div>\t\t\t\t<\/div>\n\t\t\t\t<\/div>\n\t\t\t\t<\/div>\n\t\t\t\t<\/div>\n\t\t\t\t\t<\/div>\n\t\t\t\t<\/div>\n\t\t\t\t<\/div>\n\t\t<div class=\"elementor-element elementor-element-63042af7 e-flex e-con-boxed e-con e-parent\" data-id=\"63042af7\" data-element_type=\"container\">\n\t\t\t\t\t<div class=\"e-con-inner\">\n\t\t\t\t<div class=\"elementor-element elementor-element-577f430b elementor-widget elementor-widget-text-editor\" data-id=\"577f430b\" data-element_type=\"widget\" data-widget_type=\"text-editor.default\">\n\t\t\t\t<div class=\"elementor-widget-container\">\n\t\t\t\t\t\t\t\t\t<p>(AISI 316 L) kalite\u00a0<b>krom \u00e7elik<\/b>\u00a0malzeme kullan\u0131larak y\u00fcksek bas\u0131n\u00e7l\u0131 presler alt\u0131nda mod\u00fcler paneller halinde \u00fcretilmi\u015f su muhafaza tanklar\u0131d\u0131r.<\/p><p><b>\u00c7evre ve \u015eehircilik Bakanl\u0131\u011f\u0131, TOK\u0130<\/b>\u00a0gibi kamu kurumlar\u0131n\u0131n \u00f6ng\u00f6rd\u00fc\u011f\u00fc \u015fartlarda ve\u00a0<b>CE, TSE<\/b>\u00a0kalite standartlar\u0131nda 1.s\u0131n\u0131f malzemeler ile y\u00fcksek bas\u0131n\u00e7 verilerek paneller halinde \u00fcretilmektedir.<\/p><p>T\u00fcm par\u00e7alar fabrikam\u0131zda \u00fcretilip mod\u00fcller y\u00fcksek bas\u0131n\u00e7l\u0131 preslerde i\u015flem yap\u0131ld\u0131\u011f\u0131ndan mukavemet kazand\u0131r\u0131l\u0131r. Herhangi bir kaynak i\u015flemi gerektirmedi\u011fi i\u00e7in \u015fi\u015fme ve patlama riski olmay\u0131p uzun \u00f6m\u00fcrl\u00fcd\u00fcr.<\/p><div class=\"section-title1 two\"><h2>Neden Paslanmaz Su Deposu?<\/h2><\/div><ul><li>Mod\u00fcler depolar\u0131n b\u00fct\u00fcn par\u00e7alar\u0131 hijyen ko\u015fullar\u0131na uygun olarak \u00fcretilir. Paslanmaz ( AISI 316) depo i\u00e7inde hi\u00e7bir \u015fekilde yosun ve bakteri olu\u015fmaz.<\/li><li>Paneller y\u00fcksek bas\u0131n\u00e7l\u0131 preslerde so\u011fuk \u015fekillendirme ile mukavemet kazand\u0131r\u0131ld\u0131\u011f\u0131ndan \u015fi\u015fme ve patlama riski yoktur.<\/li><li>Depo montaj\u0131 \u00f6zel civata s\u0131kma makineleri ile yap\u0131lmaktad\u0131r. \u0130stenildi\u011finde rahatl\u0131kla par\u00e7alanarak ba\u015fka bir mekana montaj yap\u0131labilir. Tercih edilen zemine, y\u00fcksek platformlar \u00fczerine, \u00e7at\u0131ya, kulelere ve istenilen yerlere kolayl\u0131kla monte edilebilir.<\/li><\/ul>\t\t\t\t\t\t\t\t<\/div>\n\t\t\t\t<\/div>\n\t\t\t\t\t<\/div>\n\t\t\t\t<\/div>\n\t\t<div class=\"elementor-element elementor-element-4e2b8c54 e-flex e-con-boxed e-con e-parent\" data-id=\"4e2b8c54\" data-element_type=\"container\">\n\t\t\t\t\t<div class=\"e-con-inner\">\n\t\t\t\t<div class=\"elementor-element elementor-element-597529f9 elementor-widget elementor-widget-image\" data-id=\"597529f9\" data-element_type=\"widget\" data-widget_type=\"image.default\">\n\t\t\t\t<div class=\"elementor-widget-container\">\n\t\t\t\t\t\t\t\t\t\t\t\t\t\t\t<img fetchpriority=\"high\" decoding=\"async\" width=\"800\" height=\"193\" src=\"https:\/\/aquasangroup.com\/wp-content\/uploads\/2025\/08\/Ekran-Resmi-2025-08-27-11.51.57-1024x247.png\" class=\"attachment-large size-large wp-image-555\" alt=\"\" srcset=\"https:\/\/aquasangroup.com\/wp-content\/uploads\/2025\/08\/Ekran-Resmi-2025-08-27-11.51.57-1024x247.png 1024w, https:\/\/aquasangroup.com\/wp-content\/uploads\/2025\/08\/Ekran-Resmi-2025-08-27-11.51.57-300x72.png 300w, https:\/\/aquasangroup.com\/wp-content\/uploads\/2025\/08\/Ekran-Resmi-2025-08-27-11.51.57-768x185.png 768w, https:\/\/aquasangroup.com\/wp-content\/uploads\/2025\/08\/Ekran-Resmi-2025-08-27-11.51.57-1536x370.png 1536w, https:\/\/aquasangroup.com\/wp-content\/uploads\/2025\/08\/Ekran-Resmi-2025-08-27-11.51.57-2048x494.png 2048w, https:\/\/aquasangroup.com\/wp-content\/uploads\/2025\/08\/Ekran-Resmi-2025-08-27-11.51.57-18x4.png 18w\" sizes=\"(max-width: 800px) 100vw, 800px\" \/>\t\t\t\t\t\t\t\t\t\t\t\t\t\t\t<\/div>\n\t\t\t\t<\/div>\n\t\t\t\t\t<\/div>\n\t\t\t\t<\/div>\n\t\t\t\t<\/div>","protected":false},"excerpt":{"rendered":"<p>Aquasan group Paslanmaz Mod\u00fcler Su Deposu (AISI 316 L) kalite\u00a0krom \u00e7elik\u00a0malzeme kullan\u0131larak y\u00fcksek bas\u0131n\u00e7l\u0131 presler alt\u0131nda mod\u00fcler paneller halinde \u00fcretilmi\u015f su muhafaza tanklar\u0131d\u0131r. \u00c7evre ve \u015eehircilik Bakanl\u0131\u011f\u0131, TOK\u0130\u00a0gibi kamu kurumlar\u0131n\u0131n \u00f6ng\u00f6rd\u00fc\u011f\u00fc \u015fartlarda ve\u00a0CE, TSE\u00a0kalite standartlar\u0131nda 1.s\u0131n\u0131f malzemeler ile y\u00fcksek bas\u0131n\u00e7 verilerek paneller halinde \u00fcretilmektedir. T\u00fcm par\u00e7alar fabrikam\u0131zda \u00fcretilip mod\u00fcller y\u00fcksek bas\u0131n\u00e7l\u0131 preslerde i\u015flem yap\u0131ld\u0131\u011f\u0131ndan mukavemet [&hellip;]<\/p>","protected":false},"author":1,"featured_media":0,"parent":0,"menu_order":0,"comment_status":"closed","ping_status":"closed","template":"","meta":{"footnotes":""},"class_list":["post-552","page","type-page","status-publish","hentry"],"_links":{"self":[{"href":"https:\/\/aquasangroup.com\/en\/wp-json\/wp\/v2\/pages\/552","targetHints":{"allow":["GET"]}}],"collection":[{"href":"https:\/\/aquasangroup.com\/en\/wp-json\/wp\/v2\/pages"}],"about":[{"href":"https:\/\/aquasangroup.com\/en\/wp-json\/wp\/v2\/types\/page"}],"author":[{"embeddable":true,"href":"https:\/\/aquasangroup.com\/en\/wp-json\/wp\/v2\/users\/1"}],"replies":[{"embeddable":true,"href":"https:\/\/aquasangroup.com\/en\/wp-json\/wp\/v2\/comments?post=552"}],"version-history":[{"count":8,"href":"https:\/\/aquasangroup.com\/en\/wp-json\/wp\/v2\/pages\/552\/revisions"}],"predecessor-version":[{"id":586,"href":"https:\/\/aquasangroup.com\/en\/wp-json\/wp\/v2\/pages\/552\/revisions\/586"}],"wp:attachment":[{"href":"https:\/\/aquasangroup.com\/en\/wp-json\/wp\/v2\/media?parent=552"}],"curies":[{"name":"wp","href":"https:\/\/api.w.org\/{rel}","templated":true}]}}